{"id":3306,"date":"2024-02-02T20:06:34","date_gmt":"2024-02-02T20:06:34","guid":{"rendered":"http:\/\/learning-together.local\/?page_id=3306"},"modified":"2025-08-28T15:54:04","modified_gmt":"2025-08-28T19:54:04","slug":"home","status":"publish","type":"page","link":"https:\/\/learningtogether.org\/es\/","title":{"rendered":"Hogar"},"content":{"rendered":"<h2>\n\t\t\tWe Value\t<\/h2>\n\t<h1><!--\n\t--><!--\t--><!--\n\t-->\n\t<\/h1>\n\t<p>Fuimos pioneros en un enfoque que re\u00fane a ni\u00f1os y familias de todos los \u00e1mbitos de la vida, estableciendo nuevos est\u00e1ndares sobre lo que significa aprender de manera inclusiva.<\/p>\n\t\t\t<a href=\"https:\/\/learningtogether.org\/es\/our-mission\/\" target=\"_self\">\n\t\t\t\t\t\t\tDescubre la diferencia\n\t\t\t\t\t<\/a>\n<h2  data-animation-delay=\"0\" data-animation-duration=\"1\">\n\t\t\tEstamos estableciendo el est\u00e1ndar de equidad <br \/>e inclusi\u00f3n.\t<\/h2>\n\t<p>For 50+ years, Learning Together has been helping children thrive in an educational system that is systemically biased against disability, race, ethnicity, and socio-economic status. We continue to champion inclusive education as the model for ensuring every student has an equitable future.<\/p>\n\t\t\t\t<img decoding=\"async\" data-src=\"https:\/\/learningtogether.org\/wp-content\/uploads\/2024\/03\/9E2A5874.jpg\" alt=\"9E2A5874\" itemprop=\"image\" height=\"1365\" width=\"2048\" title=\"9E2A5874\" onerror=\"this.style.display='none'\" src=\"data:image\/svg+xml;base64,PHN2ZyB3aWR0aD0iMSIgaGVpZ2h0PSIxIiB4bWxucz0iaHR0cDovL3d3dy53My5vcmcvMjAwMC9zdmciPjwvc3ZnPg==\" class=\"lazyload\" style=\"--smush-placeholder-width: 2048px; --smush-placeholder-aspect-ratio: 2048\/1365;\" \/>\n<h3>\n\t\t\tInclusive Education\t<\/h3>\n\t<p>Los estudiantes con discapacidades aprenden junto con sus compa\u00f1eros de diversos or\u00edgenes \u00e9tnicos, raciales y socioecon\u00f3micos.<\/p>\n\t\t\t\t<img decoding=\"async\" data-src=\"https:\/\/learningtogether.org\/wp-content\/uploads\/2024\/03\/9E2A6004.jpg\" alt=\"9E2A6004\" itemprop=\"image\" height=\"1365\" width=\"2048\" title=\"9E2A6004\" onerror=\"this.style.display='none'\" src=\"data:image\/svg+xml;base64,PHN2ZyB3aWR0aD0iMSIgaGVpZ2h0PSIxIiB4bWxucz0iaHR0cDovL3d3dy53My5vcmcvMjAwMC9zdmciPjwvc3ZnPg==\" class=\"lazyload\" style=\"--smush-placeholder-width: 2048px; --smush-placeholder-aspect-ratio: 2048\/1365;\" \/>\n<h3>\n\t\t\tAula del futuro\t<\/h3>\n\t<p>Brindamos a las familias entornos de aprendizaje adaptativo de alta calidad y planes de estudio basados en evidencia que promueven el \u00e9xito a lo largo de la vida.<\/p>\n\t\t\t\t<img decoding=\"async\" data-src=\"https:\/\/learningtogether.org\/wp-content\/uploads\/2024\/03\/9E2A6203.jpg\" alt=\"9E2A6203\" itemprop=\"image\" height=\"1365\" width=\"2048\" title=\"9E2A6203\" onerror=\"this.style.display='none'\" src=\"data:image\/svg+xml;base64,PHN2ZyB3aWR0aD0iMSIgaGVpZ2h0PSIxIiB4bWxucz0iaHR0cDovL3d3dy53My5vcmcvMjAwMC9zdmciPjwvc3ZnPg==\" class=\"lazyload\" style=\"--smush-placeholder-width: 2048px; --smush-placeholder-aspect-ratio: 2048\/1365;\" \/>\n<h3>\n\t\t\tDefensa comunitaria\t<\/h3>\n\t<p>Nuestras asociaciones capacitan a las familias con las habilidades y recursos necesarios para defender a sus hijos, a ellos mismos y a nuestra comunidad.<\/p>\n\t\t\t\t<img decoding=\"async\" data-src=\"https:\/\/learningtogether.org\/wp-content\/uploads\/2024\/03\/LT_Blocks.jpg\" alt=\"LT_Blocks\" itemprop=\"image\" height=\"358\" width=\"359\" title=\"LT_Bloques\" onerror=\"this.style.display='none'\" src=\"data:image\/svg+xml;base64,PHN2ZyB3aWR0aD0iMSIgaGVpZ2h0PSIxIiB4bWxucz0iaHR0cDovL3d3dy53My5vcmcvMjAwMC9zdmciPjwvc3ZnPg==\" class=\"lazyload\" style=\"--smush-placeholder-width: 359px; --smush-placeholder-aspect-ratio: 359\/358;\" \/>\n<h3>\n\t\t\tOur Building Blocks&#8230;\t<\/h3>\n\t<p>apoyar a una comunidad de familias, organizaciones y empresas que abogan por una educaci\u00f3n inclusiva y equitativa.<\/p>\n\t\t\t<a href=\"https:\/\/learningtogether.org\/es\/our-approach\/\" target=\"_self\">\n\t\t\t\t\t\t\tAprende m\u00e1s\n\t\t\t\t\t<\/a>\n<h2>\n\t\t\tNuestras familias\t<\/h2>\n\t<p>Preparamos a estudiantes de todas las capacidades, razas, etnias y niveles socioecon\u00f3micos para el aprendizaje permanente. De media:<\/p>\n\t<ul>\n\t\t\t\t<li>\n                        <p>65% recibe asistencia para la matr\u00edcula, incluidas becas basadas en las necesidades<\/p>0%\n\t\t<\/li>\n\t\t\t\t\t\t\t<li>\n                        <p>60% identificarse como parte de un grupo minoritario racial o \u00e9tnico<\/p>0%\n\t\t<\/li>\n\t\t\t\t\t\t\t<li>\n                        <p>50% tiene un retraso en el desarrollo o una discapacidad<\/p>0%\n\t\t<\/li>\n\t\t\t\t\t\t\t<\/ul>\n<h2>\n\t\t\tRecent News\t<\/h2>\n\t\t\t\t\t\t\t\t\t\t\t\t\t\t<a href=\"https:\/\/learningtogether.org\/es\/impact-report\/\" target=\"_self\" title=\"Read our 2023-2024 Impact Report\">\n\t\t\t\t<img decoding=\"async\" data-src=\"https:\/\/learningtogether.org\/wp-content\/uploads\/2024\/10\/Impact-Report-cover-square-300x300.png\" alt=\"\" src=\"data:image\/svg+xml;base64,PHN2ZyB3aWR0aD0iMSIgaGVpZ2h0PSIxIiB4bWxucz0iaHR0cDovL3d3dy53My5vcmcvMjAwMC9zdmciPjwvc3ZnPg==\" class=\"lazyload\" style=\"--smush-placeholder-width: 300px; --smush-placeholder-aspect-ratio: 300\/300;\" \/>\n\t\t\t\t<\/a>\n\t\t\t\t\t\t<h3>\n\t\t\t\t<a href=\"https:\/\/learningtogether.org\/es\/impact-report\/\" title=\"Read our 2023-2024 Impact Report\">Read our 2023-2024 Impact Report<\/a>\t\t\t<\/h3>\n\t\t\t<a href=\"https:\/\/learningtogether.org\/es\/impact-report\/\" title=\"Read More\" target=\"_self\">Read More &#8594;<\/a>\t\t\n\t\t\t\t\t\t\t\t\t\t\t\t\t\t<a href=\"https:\/\/learningtogether.org\/es\/alumni_voices\/\" target=\"_self\" title=\"Alumni Voices Storytelling Campaign 2024\">\n\t\t\t\t<img decoding=\"async\" data-src=\"https:\/\/learningtogether.org\/wp-content\/uploads\/2024\/05\/2-300x300.png\" alt=\"Graphic with storytelling icons around a purple block with white and green text that reads &quot;:earning Together Presents, Alumni Voices, a Storytelling Campaign to inspire our alumni, current students, and future families!\" src=\"data:image\/svg+xml;base64,PHN2ZyB3aWR0aD0iMSIgaGVpZ2h0PSIxIiB4bWxucz0iaHR0cDovL3d3dy53My5vcmcvMjAwMC9zdmciPjwvc3ZnPg==\" class=\"lazyload\" style=\"--smush-placeholder-width: 300px; --smush-placeholder-aspect-ratio: 300\/300;\" \/>\n\t\t\t\t<\/a>\n\t\t\t\t\t\t<h3>\n\t\t\t\t<a href=\"https:\/\/learningtogether.org\/es\/alumni_voices\/\" title=\"Alumni Voices Storytelling Campaign 2024\">Alumni Voices Storytelling Campaign 2024<\/a>\t\t\t<\/h3>\n\t\t\t<a href=\"https:\/\/learningtogether.org\/es\/alumni_voices\/\" title=\"Read More\" target=\"_self\">Read More &#8594;<\/a>\t\t\n\t\t\t\t\t\t\t\t\t\t\t\t\t\t<a href=\"https:\/\/learningtogether.org\/es\/pnc-grow-up-great\/\" target=\"_self\" title=\"PNC: Celebrating Two Decades of Grow Up Great\">\n\t\t\t\t<img decoding=\"async\" data-src=\"https:\/\/learningtogether.org\/wp-content\/uploads\/2024\/04\/PNC-Approved-Photo-1-300x300.png\" alt=\"Jim Hansen, PNC reads Wonder Walkers to Learning Together students\" src=\"data:image\/svg+xml;base64,PHN2ZyB3aWR0aD0iMSIgaGVpZ2h0PSIxIiB4bWxucz0iaHR0cDovL3d3dy53My5vcmcvMjAwMC9zdmciPjwvc3ZnPg==\" class=\"lazyload\" style=\"--smush-placeholder-width: 300px; --smush-placeholder-aspect-ratio: 300\/300;\" \/>\n\t\t\t\t<\/a>\n\t\t\t\t\t\t<h3>\n\t\t\t\t<a href=\"https:\/\/learningtogether.org\/es\/pnc-grow-up-great\/\" title=\"PNC: Celebrating Two Decades of Grow Up Great\">PNC: Celebrating Two Decades of Grow Up Great<\/a>\t\t\t<\/h3>\n\t\t\t<a href=\"https:\/\/learningtogether.org\/es\/pnc-grow-up-great\/\" title=\"Read More\" target=\"_self\">Read More &#8594;<\/a>\t\t\n\t\t\t<a href=\"https:\/\/learningtogether.org\/es\/news\/\" target=\"_self\">\n\t\t\t\t\t\t\tMore News\n\t\t\t\t\t<\/a>\n\t\t\t\t<img decoding=\"async\" data-src=\"https:\/\/learningtogether.org\/wp-content\/uploads\/bb-plugin\/cache\/aafd3c337915e18ec8b02909fb0fbea7-circle.jpg\" alt=\"aafd3c337915e18ec8b02909fb0fbea7\" title=\"aafd3c337915e18ec8b02909fb0fbea7\" itemprop=\"image\" src=\"data:image\/svg+xml;base64,PHN2ZyB3aWR0aD0iMSIgaGVpZ2h0PSIxIiB4bWxucz0iaHR0cDovL3d3dy53My5vcmcvMjAwMC9zdmciPjwvc3ZnPg==\" class=\"lazyload\" style=\"--smush-placeholder-width: 338px; --smush-placeholder-aspect-ratio: 338\/338;\" \/>\n\t\t\t\t\t\t\t<p>&#8220;Micah was non-verbal, and wore a weighted vest and helmet at enrollment&#8230; he no longer has an IEP or sensory supports because he had access to early intervention.&#8221;<\/p>\t\t\t\t\t\t\n\t\t\t\t\t\t\t\t&#8211; Micah&#8217;s Mom\t\t\t\t\t\t\t\t\n\t<h2>\n\t\t\t\u00danase a nuestro viaje hacia la educaci\u00f3n inclusiva\t<\/h2>\n\t<p>Suscr\u00edbase a nuestro bolet\u00edn para obtener historias inspiradoras, actualizaciones y formas de apoyar el aprendizaje equitativo para todos los ni\u00f1os.<\/p>\n\t\t\t<a href=\"https:\/\/learningtogether.salsalabs.org\/510eddb5-2d62-4482-be2f-d8e5de891776\/index.html\" target=\"_blank\" rel=\"noopener\">\n\t\t\t\t\t\t\tSuscr\u00edbete hoy\n\t\t\t\t\t<\/a>","protected":false},"excerpt":{"rendered":"<p>We Value We pioneered an approach that brings together children and families from all walks of life, setting new standards for what it means to learn inclusively. Discover the Difference We are setting the standard for equity and inclusion. For 50+ years, Learning Together has been helping children thrive in an educational system that is&hellip;<\/p>","protected":false},"author":3,"featured_media":3901,"parent":0,"menu_order":0,"comment_status":"closed","ping_status":"closed","template":"","meta":{"_monsterinsights_skip_tracking":false,"_monsterinsights_sitenote_active":false,"_monsterinsights_sitenote_note":"","_monsterinsights_sitenote_category":0,"footnotes":""},"class_list":["post-3306","page","type-page","status-publish","has-post-thumbnail","hentry"],"yoast_head":"<!-- This site is optimized with the Yoast SEO plugin v27.0 - https:\/\/yoast.com\/product\/yoast-seo-wordpress\/ -->\n<title>Home - Learning Together<\/title>\n<meta name=\"description\" content=\"We help children thrive in an educational system that is systemically biased against disability, race, ethnicity, and socio-economic status.\" \/>\n<meta name=\"robots\" content=\"index, follow, max-snippet:-1, max-image-preview:large, max-video-preview:-1\" \/>\n<link rel=\"canonical\" href=\"https:\/\/learningtogether.org\/es\/\" \/>\n<meta property=\"og:locale\" content=\"es_MX\" \/>\n<meta property=\"og:type\" content=\"article\" \/>\n<meta property=\"og:title\" content=\"Home - Learning Together\" \/>\n<meta property=\"og:description\" content=\"We help children thrive in an educational system that is systemically biased against disability, race, ethnicity, and socio-economic status.\" \/>\n<meta property=\"og:url\" content=\"https:\/\/learningtogether.org\/es\/\" \/>\n<meta property=\"og:site_name\" content=\"Learning Together\" \/>\n<meta property=\"article:modified_time\" content=\"2025-08-28T19:54:04+00:00\" \/>\n<meta property=\"og:image\" content=\"https:\/\/learningtogether.org\/wp-content\/uploads\/2024\/04\/9E2A6546-copy-scaled.jpg\" \/>\n\t<meta property=\"og:image:width\" content=\"2560\" \/>\n\t<meta property=\"og:image:height\" content=\"1707\" \/>\n\t<meta property=\"og:image:type\" content=\"image\/jpeg\" \/>\n<meta name=\"twitter:card\" content=\"summary_large_image\" \/>\n<meta name=\"twitter:label1\" content=\"Tiempo de lectura\" \/>\n\t<meta name=\"twitter:data1\" content=\"4 minutos\" \/>\n<script type=\"application\/ld+json\" class=\"yoast-schema-graph\">{\"@context\":\"https:\/\/schema.org\",\"@graph\":[{\"@type\":\"WebPage\",\"@id\":\"https:\/\/learningtogether.org\/\",\"url\":\"https:\/\/learningtogether.org\/\",\"name\":\"Home - Learning Together\",\"isPartOf\":{\"@id\":\"https:\/\/learningtogether.org\/#website\"},\"primaryImageOfPage\":{\"@id\":\"https:\/\/learningtogether.org\/#primaryimage\"},\"image\":{\"@id\":\"https:\/\/learningtogether.org\/#primaryimage\"},\"thumbnailUrl\":\"https:\/\/learningtogether.org\/wp-content\/uploads\/2024\/04\/9E2A6546-copy-scaled.jpg\",\"datePublished\":\"2024-02-02T20:06:34+00:00\",\"dateModified\":\"2025-08-28T19:54:04+00:00\",\"description\":\"We help children thrive in an educational system that is systemically biased against disability, race, ethnicity, and socio-economic status.\",\"breadcrumb\":{\"@id\":\"https:\/\/learningtogether.org\/#breadcrumb\"},\"inLanguage\":\"es\",\"potentialAction\":[{\"@type\":\"ReadAction\",\"target\":[\"https:\/\/learningtogether.org\/\"]}]},{\"@type\":\"ImageObject\",\"inLanguage\":\"es\",\"@id\":\"https:\/\/learningtogether.org\/#primaryimage\",\"url\":\"https:\/\/learningtogether.org\/wp-content\/uploads\/2024\/04\/9E2A6546-copy-scaled.jpg\",\"contentUrl\":\"https:\/\/learningtogether.org\/wp-content\/uploads\/2024\/04\/9E2A6546-copy-scaled.jpg\",\"width\":2560,\"height\":1707},{\"@type\":\"BreadcrumbList\",\"@id\":\"https:\/\/learningtogether.org\/#breadcrumb\",\"itemListElement\":[{\"@type\":\"ListItem\",\"position\":1,\"name\":\"Home\",\"item\":\"https:\/\/learningtogether.org\/\"},{\"@type\":\"ListItem\",\"position\":2,\"name\":\"Home\"}]},{\"@type\":\"WebSite\",\"@id\":\"https:\/\/learningtogether.org\/#website\",\"url\":\"https:\/\/learningtogether.org\/\",\"name\":\"Learning Together\",\"description\":\"Championing a super-inclusive education model\",\"potentialAction\":[{\"@type\":\"SearchAction\",\"target\":{\"@type\":\"EntryPoint\",\"urlTemplate\":\"https:\/\/learningtogether.org\/?s={search_term_string}\"},\"query-input\":{\"@type\":\"PropertyValueSpecification\",\"valueRequired\":true,\"valueName\":\"search_term_string\"}}],\"inLanguage\":\"es\"}]}<\/script>\n<!-- \/ Yoast SEO plugin. -->","yoast_head_json":{"title":"Home - Learning Together","description":"We help children thrive in an educational system that is systemically biased against disability, race, ethnicity, and socio-economic status.","robots":{"index":"index","follow":"follow","max-snippet":"max-snippet:-1","max-image-preview":"max-image-preview:large","max-video-preview":"max-video-preview:-1"},"canonical":"https:\/\/learningtogether.org\/es\/","og_locale":"es_MX","og_type":"article","og_title":"Home - Learning Together","og_description":"We help children thrive in an educational system that is systemically biased against disability, race, ethnicity, and socio-economic status.","og_url":"https:\/\/learningtogether.org\/es\/","og_site_name":"Learning Together","article_modified_time":"2025-08-28T19:54:04+00:00","og_image":[{"width":2560,"height":1707,"url":"https:\/\/learningtogether.org\/wp-content\/uploads\/2024\/04\/9E2A6546-copy-scaled.jpg","type":"image\/jpeg"}],"twitter_card":"summary_large_image","twitter_misc":{"Tiempo de lectura":"4 minutos"},"schema":{"@context":"https:\/\/schema.org","@graph":[{"@type":"WebPage","@id":"https:\/\/learningtogether.org\/","url":"https:\/\/learningtogether.org\/","name":"Home - Learning Together","isPartOf":{"@id":"https:\/\/learningtogether.org\/#website"},"primaryImageOfPage":{"@id":"https:\/\/learningtogether.org\/#primaryimage"},"image":{"@id":"https:\/\/learningtogether.org\/#primaryimage"},"thumbnailUrl":"https:\/\/learningtogether.org\/wp-content\/uploads\/2024\/04\/9E2A6546-copy-scaled.jpg","datePublished":"2024-02-02T20:06:34+00:00","dateModified":"2025-08-28T19:54:04+00:00","description":"We help children thrive in an educational system that is systemically biased against disability, race, ethnicity, and socio-economic status.","breadcrumb":{"@id":"https:\/\/learningtogether.org\/#breadcrumb"},"inLanguage":"es","potentialAction":[{"@type":"ReadAction","target":["https:\/\/learningtogether.org\/"]}]},{"@type":"ImageObject","inLanguage":"es","@id":"https:\/\/learningtogether.org\/#primaryimage","url":"https:\/\/learningtogether.org\/wp-content\/uploads\/2024\/04\/9E2A6546-copy-scaled.jpg","contentUrl":"https:\/\/learningtogether.org\/wp-content\/uploads\/2024\/04\/9E2A6546-copy-scaled.jpg","width":2560,"height":1707},{"@type":"BreadcrumbList","@id":"https:\/\/learningtogether.org\/#breadcrumb","itemListElement":[{"@type":"ListItem","position":1,"name":"Home","item":"https:\/\/learningtogether.org\/"},{"@type":"ListItem","position":2,"name":"Home"}]},{"@type":"WebSite","@id":"https:\/\/learningtogether.org\/#website","url":"https:\/\/learningtogether.org\/","name":"Learning Together","description":"Championing a super-inclusive education model","potentialAction":[{"@type":"SearchAction","target":{"@type":"EntryPoint","urlTemplate":"https:\/\/learningtogether.org\/?s={search_term_string}"},"query-input":{"@type":"PropertyValueSpecification","valueRequired":true,"valueName":"search_term_string"}}],"inLanguage":"es"}]}},"_links":{"self":[{"href":"https:\/\/learningtogether.org\/es\/wp-json\/wp\/v2\/pages\/3306","targetHints":{"allow":["GET"]}}],"collection":[{"href":"https:\/\/learningtogether.org\/es\/wp-json\/wp\/v2\/pages"}],"about":[{"href":"https:\/\/learningtogether.org\/es\/wp-json\/wp\/v2\/types\/page"}],"author":[{"embeddable":true,"href":"https:\/\/learningtogether.org\/es\/wp-json\/wp\/v2\/users\/3"}],"replies":[{"embeddable":true,"href":"https:\/\/learningtogether.org\/es\/wp-json\/wp\/v2\/comments?post=3306"}],"version-history":[{"count":0,"href":"https:\/\/learningtogether.org\/es\/wp-json\/wp\/v2\/pages\/3306\/revisions"}],"wp:featuredmedia":[{"embeddable":true,"href":"https:\/\/learningtogether.org\/es\/wp-json\/wp\/v2\/media\/3901"}],"wp:attachment":[{"href":"https:\/\/learningtogether.org\/es\/wp-json\/wp\/v2\/media?parent=3306"}],"curies":[{"name":"wp","href":"https:\/\/api.w.org\/{rel}","templated":true}]}}