{"id":3336,"date":"2024-02-08T02:02:36","date_gmt":"2024-02-08T02:02:36","guid":{"rendered":"https:\/\/learningtogeth.wpenginepowered.com\/?page_id=3336"},"modified":"2025-08-28T15:56:36","modified_gmt":"2025-08-28T19:56:36","slug":"our-mission","status":"publish","type":"page","link":"https:\/\/learningtogether.org\/es\/our-mission\/","title":{"rendered":"Nuestra misi\u00f3n"},"content":{"rendered":"<h1>\n\t\t\tNuestra misi\u00f3n\t<\/h1>\n\t<p>Our certified <strong>developmental day center<\/strong> and community of resources empower children with and without developmental delays and their families with the tools and skills essential for a life of learning and success.<\/p>\n<h2>\n\t\t\tAbout Us\t<\/h2>\n\t<p>For more than 50+ years, Learning Together has pioneered inclusive early childhood education and supported underserved communities.<\/p>\n<p>Our inclusive approach co-teaches children with and without disabilities or delays and reserves spaces for children with diverse racial, ethnic, and socio-economic backgrounds.<\/p>\n<p>Learning Together layers evidence-based curricula, onsite therapies, family advocacy, and systems-change strategies to build a strong academic infrastructure.<\/p>\n<p>Our new &#8220;Classrooms of the Future&#8221; provides high-quality adaptive learning environments encouraging independence, creativity, and a love of learning.<\/p>\n\t<p>Our lead teachers are Birth-Kindergarten licensed, we maintain smaller ratios, and our play-based curricula is reinforced with social-emotional learning to strengthen a child&#8217;s academics, compassion, and adaptability to differentiated learning styles.<\/p>\n<p>Beyond the center, families receive support through screenings, home visits, school partnership days, outreach events, parent workshops, partner resources, and referrals. We also support anyone inquiring from our community without the stipulation of applying or being enrolled.<\/p>\n<p>As an industry leader and a resource hub, our work aims to systemically advance North Carolina&#8217;s ability to meet federal special education mandates and address the growing need for equitable and inclusive services among underserved communities.<\/p>\n<h2>\n\t\t\t\u00danase a nuestro viaje hacia la educaci\u00f3n inclusiva\t<\/h2>\n\t<p>Suscr\u00edbase a nuestro bolet\u00edn para obtener historias inspiradoras, actualizaciones y formas de apoyar el aprendizaje equitativo para todos los ni\u00f1os.<\/p>\n\t\t\t<a href=\"https:\/\/learningtogether.salsalabs.org\/510eddb5-2d62-4482-be2f-d8e5de891776\/index.html\" target=\"_blank\" rel=\"noopener\">\n\t\t\t\t\t\t\tSuscr\u00edbete hoy\n\t\t\t\t\t<\/a>","protected":false},"excerpt":{"rendered":"<p>Our Mission Our certified developmental day center and community of resources empower children with and without developmental delays and their families with the tools and skills essential for a life of learning and success. About Us For more than 50+ years, Learning Together has pioneered inclusive early childhood education and supported underserved communities. Our inclusive&hellip;<\/p>","protected":false},"author":3,"featured_media":3414,"parent":0,"menu_order":0,"comment_status":"closed","ping_status":"closed","template":"","meta":{"_monsterinsights_skip_tracking":false,"_monsterinsights_sitenote_active":false,"_monsterinsights_sitenote_note":"","_monsterinsights_sitenote_category":0,"footnotes":""},"class_list":["post-3336","page","type-page","status-publish","has-post-thumbnail","hentry"],"yoast_head":"<!-- This site is optimized with the Yoast SEO plugin v27.0 - https:\/\/yoast.com\/product\/yoast-seo-wordpress\/ -->\n<title>Our Mission - Learning Together<\/title>\n<meta name=\"robots\" content=\"index, follow, max-snippet:-1, max-image-preview:large, max-video-preview:-1\" \/>\n<link rel=\"canonical\" href=\"https:\/\/learningtogether.org\/es\/our-mission\/\" \/>\n<meta property=\"og:locale\" content=\"es_MX\" \/>\n<meta property=\"og:type\" content=\"article\" \/>\n<meta property=\"og:title\" content=\"Our Mission - Learning Together\" \/>\n<meta property=\"og:description\" content=\"Our Mission Our certified developmental day center and community of resources empower children with and without developmental delays and their families with the tools and skills essential for a life of learning and success. About Us For more than 50+ years, Learning Together has pioneered inclusive early childhood education and supported underserved communities. Our inclusive&hellip;\" \/>\n<meta property=\"og:url\" content=\"https:\/\/learningtogether.org\/es\/our-mission\/\" \/>\n<meta property=\"og:site_name\" content=\"Learning Together\" \/>\n<meta property=\"article:modified_time\" content=\"2025-08-28T19:56:36+00:00\" \/>\n<meta property=\"og:image\" content=\"https:\/\/learningtogether.org\/wp-content\/uploads\/2024\/03\/image-1.png\" \/>\n\t<meta property=\"og:image:width\" content=\"804\" \/>\n\t<meta property=\"og:image:height\" content=\"566\" \/>\n\t<meta property=\"og:image:type\" content=\"image\/png\" \/>\n<meta name=\"twitter:card\" content=\"summary_large_image\" \/>\n<meta name=\"twitter:label1\" content=\"Tiempo de lectura\" \/>\n\t<meta name=\"twitter:data1\" content=\"5 minutos\" \/>\n<script type=\"application\/ld+json\" class=\"yoast-schema-graph\">{\"@context\":\"https:\/\/schema.org\",\"@graph\":[{\"@type\":\"WebPage\",\"@id\":\"https:\/\/learningtogether.org\/our-mission\/\",\"url\":\"https:\/\/learningtogether.org\/our-mission\/\",\"name\":\"Our Mission - Learning Together\",\"isPartOf\":{\"@id\":\"https:\/\/learningtogether.org\/#website\"},\"primaryImageOfPage\":{\"@id\":\"https:\/\/learningtogether.org\/our-mission\/#primaryimage\"},\"image\":{\"@id\":\"https:\/\/learningtogether.org\/our-mission\/#primaryimage\"},\"thumbnailUrl\":\"https:\/\/learningtogether.org\/wp-content\/uploads\/2024\/03\/image-1.png\",\"datePublished\":\"2024-02-08T02:02:36+00:00\",\"dateModified\":\"2025-08-28T19:56:36+00:00\",\"breadcrumb\":{\"@id\":\"https:\/\/learningtogether.org\/our-mission\/#breadcrumb\"},\"inLanguage\":\"es\",\"potentialAction\":[{\"@type\":\"ReadAction\",\"target\":[\"https:\/\/learningtogether.org\/our-mission\/\"]}]},{\"@type\":\"ImageObject\",\"inLanguage\":\"es\",\"@id\":\"https:\/\/learningtogether.org\/our-mission\/#primaryimage\",\"url\":\"https:\/\/learningtogether.org\/wp-content\/uploads\/2024\/03\/image-1.png\",\"contentUrl\":\"https:\/\/learningtogether.org\/wp-content\/uploads\/2024\/03\/image-1.png\",\"width\":804,\"height\":566},{\"@type\":\"BreadcrumbList\",\"@id\":\"https:\/\/learningtogether.org\/our-mission\/#breadcrumb\",\"itemListElement\":[{\"@type\":\"ListItem\",\"position\":1,\"name\":\"Home\",\"item\":\"https:\/\/learningtogether.org\/\"},{\"@type\":\"ListItem\",\"position\":2,\"name\":\"Our Mission\"}]},{\"@type\":\"WebSite\",\"@id\":\"https:\/\/learningtogether.org\/#website\",\"url\":\"https:\/\/learningtogether.org\/\",\"name\":\"Learning Together\",\"description\":\"Championing a super-inclusive education model\",\"potentialAction\":[{\"@type\":\"SearchAction\",\"target\":{\"@type\":\"EntryPoint\",\"urlTemplate\":\"https:\/\/learningtogether.org\/?s={search_term_string}\"},\"query-input\":{\"@type\":\"PropertyValueSpecification\",\"valueRequired\":true,\"valueName\":\"search_term_string\"}}],\"inLanguage\":\"es\"}]}<\/script>\n<!-- \/ Yoast SEO plugin. -->","yoast_head_json":{"title":"Our Mission - Learning Together","robots":{"index":"index","follow":"follow","max-snippet":"max-snippet:-1","max-image-preview":"max-image-preview:large","max-video-preview":"max-video-preview:-1"},"canonical":"https:\/\/learningtogether.org\/es\/our-mission\/","og_locale":"es_MX","og_type":"article","og_title":"Our Mission - Learning Together","og_description":"Our Mission Our certified developmental day center and community of resources empower children with and without developmental delays and their families with the tools and skills essential for a life of learning and success. About Us For more than 50+ years, Learning Together has pioneered inclusive early childhood education and supported underserved communities. Our inclusive&hellip;","og_url":"https:\/\/learningtogether.org\/es\/our-mission\/","og_site_name":"Learning Together","article_modified_time":"2025-08-28T19:56:36+00:00","og_image":[{"width":804,"height":566,"url":"https:\/\/learningtogether.org\/wp-content\/uploads\/2024\/03\/image-1.png","type":"image\/png"}],"twitter_card":"summary_large_image","twitter_misc":{"Tiempo de lectura":"5 minutos"},"schema":{"@context":"https:\/\/schema.org","@graph":[{"@type":"WebPage","@id":"https:\/\/learningtogether.org\/our-mission\/","url":"https:\/\/learningtogether.org\/our-mission\/","name":"Our Mission - Learning Together","isPartOf":{"@id":"https:\/\/learningtogether.org\/#website"},"primaryImageOfPage":{"@id":"https:\/\/learningtogether.org\/our-mission\/#primaryimage"},"image":{"@id":"https:\/\/learningtogether.org\/our-mission\/#primaryimage"},"thumbnailUrl":"https:\/\/learningtogether.org\/wp-content\/uploads\/2024\/03\/image-1.png","datePublished":"2024-02-08T02:02:36+00:00","dateModified":"2025-08-28T19:56:36+00:00","breadcrumb":{"@id":"https:\/\/learningtogether.org\/our-mission\/#breadcrumb"},"inLanguage":"es","potentialAction":[{"@type":"ReadAction","target":["https:\/\/learningtogether.org\/our-mission\/"]}]},{"@type":"ImageObject","inLanguage":"es","@id":"https:\/\/learningtogether.org\/our-mission\/#primaryimage","url":"https:\/\/learningtogether.org\/wp-content\/uploads\/2024\/03\/image-1.png","contentUrl":"https:\/\/learningtogether.org\/wp-content\/uploads\/2024\/03\/image-1.png","width":804,"height":566},{"@type":"BreadcrumbList","@id":"https:\/\/learningtogether.org\/our-mission\/#breadcrumb","itemListElement":[{"@type":"ListItem","position":1,"name":"Home","item":"https:\/\/learningtogether.org\/"},{"@type":"ListItem","position":2,"name":"Our Mission"}]},{"@type":"WebSite","@id":"https:\/\/learningtogether.org\/#website","url":"https:\/\/learningtogether.org\/","name":"Learning Together","description":"Championing a super-inclusive education model","potentialAction":[{"@type":"SearchAction","target":{"@type":"EntryPoint","urlTemplate":"https:\/\/learningtogether.org\/?s={search_term_string}"},"query-input":{"@type":"PropertyValueSpecification","valueRequired":true,"valueName":"search_term_string"}}],"inLanguage":"es"}]}},"_links":{"self":[{"href":"https:\/\/learningtogether.org\/es\/wp-json\/wp\/v2\/pages\/3336","targetHints":{"allow":["GET"]}}],"collection":[{"href":"https:\/\/learningtogether.org\/es\/wp-json\/wp\/v2\/pages"}],"about":[{"href":"https:\/\/learningtogether.org\/es\/wp-json\/wp\/v2\/types\/page"}],"author":[{"embeddable":true,"href":"https:\/\/learningtogether.org\/es\/wp-json\/wp\/v2\/users\/3"}],"replies":[{"embeddable":true,"href":"https:\/\/learningtogether.org\/es\/wp-json\/wp\/v2\/comments?post=3336"}],"version-history":[{"count":0,"href":"https:\/\/learningtogether.org\/es\/wp-json\/wp\/v2\/pages\/3336\/revisions"}],"wp:featuredmedia":[{"embeddable":true,"href":"https:\/\/learningtogether.org\/es\/wp-json\/wp\/v2\/media\/3414"}],"wp:attachment":[{"href":"https:\/\/learningtogether.org\/es\/wp-json\/wp\/v2\/media?parent=3336"}],"curies":[{"name":"wp","href":"https:\/\/api.w.org\/{rel}","templated":true}]}}