{"id":4324,"date":"2025-09-09T17:19:00","date_gmt":"2025-09-09T21:19:00","guid":{"rendered":"https:\/\/learningtogether.org\/?page_id=4324"},"modified":"2026-02-12T07:52:06","modified_gmt":"2026-02-12T12:52:06","slug":"ways-to-give","status":"publish","type":"page","link":"https:\/\/learningtogether.org\/es\/ways-to-give\/","title":{"rendered":"Maneras de dar"},"content":{"rendered":"<h1>\n\t\t\tManeras de dar\t<\/h1>\n\t<p>Investing in the first five years of a child&#8217;s life has the power to create intergenerational change. Your generosity helps build a more inclusive and equitable society.<\/p>\n<h3>\n\t\t\tJoin the President&#8217;s Circle!\t<\/h3>\n<figure itemscope itemtype=\"https:\/\/schema.org\/ImageObject\">\n\t\t\t\t<img decoding=\"async\" data-src=\"https:\/\/learningtogether.org\/wp-content\/uploads\/2025\/10\/Presidents-Circle-logo-1.png\" alt=\"Presidents-Circle-logo 1\" height=\"291\" width=\"509\" title=\"Presidents-Circle-logo 1\" onerror=\"this.style.display='none'\" src=\"data:image\/svg+xml;base64,PHN2ZyB3aWR0aD0iMSIgaGVpZ2h0PSIxIiB4bWxucz0iaHR0cDovL3d3dy53My5vcmcvMjAwMC9zdmciPjwvc3ZnPg==\" class=\"lazyload\" style=\"--smush-placeholder-width: 509px; --smush-placeholder-aspect-ratio: 509\/291;\" \/>\n\t<\/figure>\n<h4>\n\t\t\t2025-26 is a special year for us as we:\t<\/h4>\n\t<ul>\n<li>Celebrate our 50th year operating as a nonprofit<\/li>\n<li>Build a strong Learning Together community<\/li>\n<li>Launch our first major gifts society, the President&#8217;s Circle<\/li>\n<\/ul>\n<p>For more than 5 decades, hundreds of people have worked together to support Learning Together, positively impacting Raleigh children and families and our entire community.<\/p>\n<p><strong>The President&#8217;s Circle honors the past and plans for the future.\u00a0<\/strong><\/p>\n<h3>\n\t\t\tJoin us today!\t<\/h3>\n<h4>\n\t\t\tBenefactor\t<\/h4>\n\t$10,000<br \/>\nand up\n<h4>\n\t\t\tChampion\t<\/h4>\n\t\u00a0$5,000<br \/>\nand up\n<h4>\n\t\t\tAdvocate\t<\/h4>\n\t\u00a0$1,000<br \/>\nand up\n\t\t\t<button type=\"button\">\n\t\t\t\t\t\t\tDonate Now\n\t\t\t\t\t<\/button>\n\t<h3>Thank you to our<\/h3>\n<h3>current President&#8217;s<\/h3>\n<h3>Circle members<\/h3>\n\t<p><strong>Benefactor<\/strong><\/p>\n\tThe Afarian Family<br \/>\nCatharine B. Arrowood<br \/>\nKaren Olander\n\t<p><strong>Champion<\/strong><\/p>\n\tRandi Ligon<br \/>\nPaul Neal<br \/>\nBrendan Walsh\n\t<p><strong>Advocate<\/strong><\/p>\n\tAnonymous<br \/>\nPriscilla Awkard<br \/>\nFrances Bobbie<br \/>\nThe Briley Family<br \/>\nAmanda Clayton<br \/>\nCody Forness<br \/>\nThe Hagan Family<br \/>\nJosh Hernandez &amp; Zach Pless<br \/>\nThe Iddings Family<br \/>\nDiane Schabinger<br \/>\nJan Baker<br \/>\nNell Barnes<br \/>\nKathy Peterson\n<h3>\n\t\t\tSupport Our Mission\t<\/h3>\n\t<p>By making a one-time or recurring gift, you become a partner with Learning Together to inspire lifelong learning as we continue to invest in our children, families, teachers, and community.<\/p>\n\t\t\t<a href=\"https:\/\/learningtogether.org\/es\/donate\/\"  target=\"_self\">\n\t\t\t\t\t\t\tDonate Today\n\t\t\t\t\t<\/a>\n<h3>\n\t\t\tScholarship Fund\t<\/h3>\n\t<p>On average, we invest $25,000 each year to provide tuition scholarships to qualified families. Make a one-time gift to help ensure all children have access to quality Pre-K education.<\/p>\n\t\t\t<a href=\"https:\/\/learningtogether.salsalabs.org\/scholarship2023\/index.html\"  target=\"_blank\" rel=\"noopener\">\n\t\t\t\t\t\t\tAprende m\u00e1s\n\t\t\t\t\t<\/a>\n<h2>\n\t\t\tBack to School Campaign\t<\/h2>\n\t<p>Your support ensures every child and family begins the school year with the tools they need to thrive-and uplifts our dedicated educators with the support they deserve.<\/p>\n\t\t\t<a href=\"https:\/\/learningtogether.salsalabs.org\/backtoschool2025\/index.html?eType=EmailBlastContent&#038;eId=b5f9b9fe-bdc6-45f2-8405-7d437a294781\"  target=\"_blank\" rel=\"noopener\">\n\t\t\t\t\t\t\tGive Today\n\t\t\t\t\t<\/a>\n<h2>\n\t\t\tPlanned Giving\t<\/h2>\n\t<p>Are you looking to make a lasting impact? We offer options that fund critical needs while offering potential tax benefits.<\/p>\n<figure itemscope itemtype=\"https:\/\/schema.org\/ImageObject\">\n\t\t\t\t<img decoding=\"async\" data-src=\"https:\/\/learningtogether.org\/wp-content\/uploads\/2024\/03\/tutti-online-resume-search-1-2.png\" alt=\"tutti-online-resume-search-1 2\" height=\"140\" width=\"186\" title=\"tutti-online-resume-search-1 2\" onerror=\"this.style.display='none'\" src=\"data:image\/svg+xml;base64,PHN2ZyB3aWR0aD0iMSIgaGVpZ2h0PSIxIiB4bWxucz0iaHR0cDovL3d3dy53My5vcmcvMjAwMC9zdmciPjwvc3ZnPg==\" class=\"lazyload\" style=\"--smush-placeholder-width: 186px; --smush-placeholder-aspect-ratio: 186\/140;\" \/>\n\t<\/figure>\n\t<p>You can give appreciated stocks, bonds, or mutual funds; donate directly from your retirement account if you&#8217;re 70\u00bd or older; or include a bequest in your will or trust. These gifts may offer tax advantages while creating a lasting legacy of equity in early education. Please consult your financial advisor or attorney, and contact us to learn more or notify us of your intentions.<\/p>\n\t\t\t<a href=\"mailto:jan@learningtogether.org?subject=Legacy%20and%20Planned%20Giving%20Inquiry\"  target=\"_blank\" rel=\"noopener\">\n\t\t\t\t\t\t\tContact Us\n\t\t\t\t\t<\/a>\n<h2>\n\t\t\t\u00danase a nuestro viaje hacia la educaci\u00f3n inclusiva\t<\/h2>\n\t<p>Suscr\u00edbase a nuestro bolet\u00edn para obtener historias inspiradoras, actualizaciones y formas de apoyar el aprendizaje equitativo para todos los ni\u00f1os.<\/p>\n\t\t\t<a href=\"https:\/\/learningtogether.salsalabs.org\/510eddb5-2d62-4482-be2f-d8e5de891776\/index.html\"  target=\"_blank\" rel=\"noopener\">\n\t\t\t\t\t\t\tSuscr\u00edbete hoy\n\t\t\t\t\t<\/a>","protected":false},"excerpt":{"rendered":"<p>Ways to Give Investing in the first five years of a child&#8217;s life has the power to create intergenerational change. Your generosity helps build a more inclusive and equitable society. Join the President&#8217;s Circle! 2025-26 is a special year for us as we: Celebrate our 50th year operating as a nonprofit Build a strong Learning&hellip;<\/p>","protected":false},"author":2,"featured_media":3540,"parent":0,"menu_order":0,"comment_status":"closed","ping_status":"closed","template":"","meta":{"_monsterinsights_skip_tracking":false,"_monsterinsights_sitenote_active":false,"_monsterinsights_sitenote_note":"","_monsterinsights_sitenote_category":0,"footnotes":""},"class_list":["post-4324","page","type-page","status-publish","has-post-thumbnail","hentry"],"yoast_head":"<!-- This site is optimized with the Yoast SEO plugin v27.0 - https:\/\/yoast.com\/product\/yoast-seo-wordpress\/ -->\n<title>Ways to Give - Learning Together<\/title>\n<meta name=\"robots\" content=\"index, follow, max-snippet:-1, max-image-preview:large, max-video-preview:-1\" \/>\n<link rel=\"canonical\" href=\"https:\/\/learningtogether.org\/es\/ways-to-give\/\" \/>\n<meta property=\"og:locale\" content=\"es_MX\" \/>\n<meta property=\"og:type\" content=\"article\" \/>\n<meta property=\"og:title\" content=\"Ways to Give - Learning Together\" \/>\n<meta property=\"og:description\" content=\"Ways to Give Investing in the first five years of a child&#8217;s life has the power to create intergenerational change. Your generosity helps build a more inclusive and equitable society. Join the President&#8217;s Circle! 2025-26 is a special year for us as we: Celebrate our 50th year operating as a nonprofit Build a strong Learning&hellip;\" \/>\n<meta property=\"og:url\" content=\"https:\/\/learningtogether.org\/es\/ways-to-give\/\" \/>\n<meta property=\"og:site_name\" content=\"Learning Together\" \/>\n<meta property=\"article:modified_time\" content=\"2026-02-12T12:52:06+00:00\" \/>\n<meta property=\"og:image\" content=\"https:\/\/learningtogether.org\/wp-content\/uploads\/2024\/03\/garden.jpg\" \/>\n\t<meta property=\"og:image:width\" content=\"512\" \/>\n\t<meta property=\"og:image:height\" content=\"384\" \/>\n\t<meta property=\"og:image:type\" content=\"image\/jpeg\" \/>\n<meta name=\"twitter:card\" content=\"summary_large_image\" \/>\n<meta name=\"twitter:label1\" content=\"Tiempo de lectura\" \/>\n\t<meta name=\"twitter:data1\" content=\"3 minutos\" \/>\n<script type=\"application\/ld+json\" class=\"yoast-schema-graph\">{\"@context\":\"https:\/\/schema.org\",\"@graph\":[{\"@type\":\"WebPage\",\"@id\":\"https:\/\/learningtogether.org\/ways-to-give\/\",\"url\":\"https:\/\/learningtogether.org\/ways-to-give\/\",\"name\":\"Ways to Give - Learning Together\",\"isPartOf\":{\"@id\":\"https:\/\/learningtogether.org\/#website\"},\"primaryImageOfPage\":{\"@id\":\"https:\/\/learningtogether.org\/ways-to-give\/#primaryimage\"},\"image\":{\"@id\":\"https:\/\/learningtogether.org\/ways-to-give\/#primaryimage\"},\"thumbnailUrl\":\"https:\/\/learningtogether.org\/wp-content\/uploads\/2024\/03\/garden.jpg\",\"datePublished\":\"2025-09-09T21:19:00+00:00\",\"dateModified\":\"2026-02-12T12:52:06+00:00\",\"breadcrumb\":{\"@id\":\"https:\/\/learningtogether.org\/ways-to-give\/#breadcrumb\"},\"inLanguage\":\"es\",\"potentialAction\":[{\"@type\":\"ReadAction\",\"target\":[\"https:\/\/learningtogether.org\/ways-to-give\/\"]}]},{\"@type\":\"ImageObject\",\"inLanguage\":\"es\",\"@id\":\"https:\/\/learningtogether.org\/ways-to-give\/#primaryimage\",\"url\":\"https:\/\/learningtogether.org\/wp-content\/uploads\/2024\/03\/garden.jpg\",\"contentUrl\":\"https:\/\/learningtogether.org\/wp-content\/uploads\/2024\/03\/garden.jpg\",\"width\":512,\"height\":384},{\"@type\":\"BreadcrumbList\",\"@id\":\"https:\/\/learningtogether.org\/ways-to-give\/#breadcrumb\",\"itemListElement\":[{\"@type\":\"ListItem\",\"position\":1,\"name\":\"Home\",\"item\":\"https:\/\/learningtogether.org\/\"},{\"@type\":\"ListItem\",\"position\":2,\"name\":\"Ways to Give\"}]},{\"@type\":\"WebSite\",\"@id\":\"https:\/\/learningtogether.org\/#website\",\"url\":\"https:\/\/learningtogether.org\/\",\"name\":\"Learning Together\",\"description\":\"Championing a super-inclusive education model\",\"potentialAction\":[{\"@type\":\"SearchAction\",\"target\":{\"@type\":\"EntryPoint\",\"urlTemplate\":\"https:\/\/learningtogether.org\/?s={search_term_string}\"},\"query-input\":{\"@type\":\"PropertyValueSpecification\",\"valueRequired\":true,\"valueName\":\"search_term_string\"}}],\"inLanguage\":\"es\"}]}<\/script>\n<!-- \/ Yoast SEO plugin. -->","yoast_head_json":{"title":"Ways to Give - Learning Together","robots":{"index":"index","follow":"follow","max-snippet":"max-snippet:-1","max-image-preview":"max-image-preview:large","max-video-preview":"max-video-preview:-1"},"canonical":"https:\/\/learningtogether.org\/es\/ways-to-give\/","og_locale":"es_MX","og_type":"article","og_title":"Ways to Give - Learning Together","og_description":"Ways to Give Investing in the first five years of a child&#8217;s life has the power to create intergenerational change. Your generosity helps build a more inclusive and equitable society. Join the President&#8217;s Circle! 2025-26 is a special year for us as we: Celebrate our 50th year operating as a nonprofit Build a strong Learning&hellip;","og_url":"https:\/\/learningtogether.org\/es\/ways-to-give\/","og_site_name":"Learning Together","article_modified_time":"2026-02-12T12:52:06+00:00","og_image":[{"width":512,"height":384,"url":"https:\/\/learningtogether.org\/wp-content\/uploads\/2024\/03\/garden.jpg","type":"image\/jpeg"}],"twitter_card":"summary_large_image","twitter_misc":{"Tiempo de lectura":"3 minutos"},"schema":{"@context":"https:\/\/schema.org","@graph":[{"@type":"WebPage","@id":"https:\/\/learningtogether.org\/ways-to-give\/","url":"https:\/\/learningtogether.org\/ways-to-give\/","name":"Ways to Give - Learning Together","isPartOf":{"@id":"https:\/\/learningtogether.org\/#website"},"primaryImageOfPage":{"@id":"https:\/\/learningtogether.org\/ways-to-give\/#primaryimage"},"image":{"@id":"https:\/\/learningtogether.org\/ways-to-give\/#primaryimage"},"thumbnailUrl":"https:\/\/learningtogether.org\/wp-content\/uploads\/2024\/03\/garden.jpg","datePublished":"2025-09-09T21:19:00+00:00","dateModified":"2026-02-12T12:52:06+00:00","breadcrumb":{"@id":"https:\/\/learningtogether.org\/ways-to-give\/#breadcrumb"},"inLanguage":"es","potentialAction":[{"@type":"ReadAction","target":["https:\/\/learningtogether.org\/ways-to-give\/"]}]},{"@type":"ImageObject","inLanguage":"es","@id":"https:\/\/learningtogether.org\/ways-to-give\/#primaryimage","url":"https:\/\/learningtogether.org\/wp-content\/uploads\/2024\/03\/garden.jpg","contentUrl":"https:\/\/learningtogether.org\/wp-content\/uploads\/2024\/03\/garden.jpg","width":512,"height":384},{"@type":"BreadcrumbList","@id":"https:\/\/learningtogether.org\/ways-to-give\/#breadcrumb","itemListElement":[{"@type":"ListItem","position":1,"name":"Home","item":"https:\/\/learningtogether.org\/"},{"@type":"ListItem","position":2,"name":"Ways to Give"}]},{"@type":"WebSite","@id":"https:\/\/learningtogether.org\/#website","url":"https:\/\/learningtogether.org\/","name":"Learning Together","description":"Championing a super-inclusive education model","potentialAction":[{"@type":"SearchAction","target":{"@type":"EntryPoint","urlTemplate":"https:\/\/learningtogether.org\/?s={search_term_string}"},"query-input":{"@type":"PropertyValueSpecification","valueRequired":true,"valueName":"search_term_string"}}],"inLanguage":"es"}]}},"_links":{"self":[{"href":"https:\/\/learningtogether.org\/es\/wp-json\/wp\/v2\/pages\/4324","targetHints":{"allow":["GET"]}}],"collection":[{"href":"https:\/\/learningtogether.org\/es\/wp-json\/wp\/v2\/pages"}],"about":[{"href":"https:\/\/learningtogether.org\/es\/wp-json\/wp\/v2\/types\/page"}],"author":[{"embeddable":true,"href":"https:\/\/learningtogether.org\/es\/wp-json\/wp\/v2\/users\/2"}],"replies":[{"embeddable":true,"href":"https:\/\/learningtogether.org\/es\/wp-json\/wp\/v2\/comments?post=4324"}],"version-history":[{"count":0,"href":"https:\/\/learningtogether.org\/es\/wp-json\/wp\/v2\/pages\/4324\/revisions"}],"wp:featuredmedia":[{"embeddable":true,"href":"https:\/\/learningtogether.org\/es\/wp-json\/wp\/v2\/media\/3540"}],"wp:attachment":[{"href":"https:\/\/learningtogether.org\/es\/wp-json\/wp\/v2\/media?parent=4324"}],"curies":[{"name":"wp","href":"https:\/\/api.w.org\/{rel}","templated":true}]}}